{"id":29465,"date":"2020-01-21T16:53:40","date_gmt":"2020-01-21T14:53:40","guid":{"rendered":"https:\/\/www.aedea.es\/politica-de-privadesa\/"},"modified":"2026-03-13T14:11:14","modified_gmt":"2026-03-13T12:11:14","slug":"politica-de-privadesa","status":"publish","type":"page","link":"https:\/\/www.aedea.es\/ca\/politica-de-privadesa\/","title":{"rendered":"Pol\u00edtica de Privadesa"},"content":{"rendered":"\t\t<div data-elementor-type=\"wp-page\" data-elementor-id=\"29465\" class=\"elementor elementor-29465 elementor-26906\" data-elementor-post-type=\"page\">\n\t\t\t\t<div class=\"elementor-element elementor-element-62431231 e-flex e-con-boxed e-con e-parent\" data-id=\"62431231\" data-element_type=\"container\">\n\t\t\t\t\t<div class=\"e-con-inner\">\n\t\t\t\t<div class=\"elementor-element elementor-element-7a9223fa elementor-widget elementor-widget-text-editor\" data-id=\"7a9223fa\" data-element_type=\"widget\" data-widget_type=\"text-editor.default\">\n\t\t\t\t<div class=\"elementor-widget-container\">\n\t\t\t\t\t\t\t\t\t<h1>Politica de privadesa<br \/><br \/><\/h1><p style=\"text-align: justify;\">Aquesta Pol\u00edtica de Privadesa detalla el tractament de les dades personals que duu a terme la societat CUSTOM MARK, SL (tamb\u00e9 denominada la Societat i CUSTOM MARK), d&#8217;acord amb les disposicions que estableix el Reglament (UE) 2016\/679 del Parlament Europeu i del Consell, de 27 d&#8217;abril de 2016, relatiu a la protecci\u00f3 de les persones f\u00edsiques pel que fa al tractament de dades personals i a la lliure circulaci\u00f3 d&#8217;aquestes dades (RGPD), i a la Llei org\u00e0nica 3\/2018, del 5 de desembre, de protecci\u00f3 de dades personals i garantia de drets digitals (LOPDGDD).<br \/>El responsable del tractament de les dades personals que l&#8217;Usuari faciliti en utilitzar aquest lloc web, aix\u00ed com posteriorment, \u00e9s CUSTOM MARK, amb domicili al carrer Vallespir 19, Edifici Octavia 4t 1a, 08173 Sant Cugat del Vall\u00e8s (Barcelona). Pot contactar amb CUSTOM MARK, SL per a qualsevol consulta o exercitar qualsevol dret en mat\u00e8ria de protecci\u00f3 de dades personals notificant a pd@aedea.es<\/p><p style=\"text-align: justify;\"><strong>FINALITAT DEL TRACTAMENT:<\/strong><br \/>CUSTOM MARK tractar\u00e0 les dades aportades pels Usuaris amb la finalitat de dur a terme de la millor manera possible els serveis contractats o atendre les sol\u00b7licituds efectuades per mitj\u00e0 dels diferents formularis ubicats en aquesta p\u00e0gina web.<br \/>Les dades es conservaran durant el temps que es requereixi per dur a terme la relaci\u00f3 contractual o precontractual que legitima el seu tractament, per donar resposta a les peticions o sol\u00b7licituds realitzades, aix\u00ed com pel temps necessari per donar compliment a les obligacions legals que a cada cas corresponguin d&#8217;acord amb cada categoria de dades.<br \/>En cap cas, l&#8217;interessat no ser\u00e0 objecte de decisions automatitzades per part de CUSTOM MARK com a conseq\u00fc\u00e8ncia del tractament de les dades realitzades.<\/p><p style=\"text-align: justify;\"><strong>LEGITIMACI\u00d3:<\/strong><br \/>La base legal que legitima el tractament de les dades dels Usuaris \u00e9s l&#8217;execuci\u00f3 del contracte de serveis que hagi estat contractat amb CUSTOM MARK o de les mesures precontractuals pertinents, aix\u00ed com l&#8217;inter\u00e8s leg\u00edtim de CUSTOM MARK de mantenir la relaci\u00f3 existent amb l&#8217;Usuari i, si s&#8217;escau, el consentiment expr\u00e9s prestat per a aquells tractaments que ho requereixin.<br \/>En cas que els Usuaris ens proporcionin dades de car\u00e0cter personal de terceres persones, l&#8217;Usuari ens garanteix que els ha informat amb car\u00e0cter previ d&#8217;aquesta Pol\u00edtica de Privadesa, i ha de respondre davant CUSTOM MARK de tots els danys i perjudicis que se&#8217;n derivin en cas d&#8217;incompliment .<\/p><p style=\"text-align: justify;\"><strong>DESTINATARIS:<\/strong><br \/>CUSTOM MARK no comunicar\u00e0 les seves dades a tercers, excepte quan sigui estrictament necessari per gestionar i mantenir la seva relaci\u00f3 amb nosaltres o pr\u00e8via autoritzaci\u00f3 per part seva. El tractament de dades personals es fa dins de l&#8217;Espai Econ\u00f2mic Europeu.<br \/>CUSTOM MARK no preveu en cap cas ni la cessi\u00f3 ni la transfer\u00e8ncia internacional de les dades personals que tracta a tercers, i informa sempre els interessats en els sup\u00f2sits que es doni el cas.<\/p><p style=\"text-align: justify;\"><strong>DRETS DELS INTERESSATS:<\/strong><br \/>L&#8217;interessat t\u00e9 en tot moment dret a accedir a les seves dades personals, a rectificar-les quan siguin inexactes, a suprimir-les quan ja no es compleixi la causa que legitimava el tractament per part del responsable, a limitar o oposar-se al tractament, aix\u00ed com el dret a la portabilitat de les dades, a no ser objecte de decisions automatitzades i a revocar el consentiment per a aquells tractaments que es basaven en el consentiment de l&#8217;interessat, i s&#8217;ha de posar en contacte amb la Societat mitjan\u00e7ant l&#8217;enviament d&#8217;un correu electr\u00f2nic acreditant-ne la identitat a l&#8217;adre\u00e7a seg\u00fcent: pd@aedea.es<br \/>Aix\u00ed mateix, els usuaris poden efectuar quan els sembli convenient o creguin que s&#8217;hagi com\u00e8s alguna infracci\u00f3 en el tractament de les seves dades personals una reclamaci\u00f3 a l&#8217;Ag\u00e8ncia Espanyola de Protecci\u00f3 de Dades (AEPD) a l&#8217;enlla\u00e7 seg\u00fcent: <a href=\"https:\/\/sedeagpd.gob.es\/sede-electronica-web\/vistas\/formNuevaReclamacion\/reclamacion.jsf\">https:\/\/sedeagpd.gob.es<\/a><br \/>L&#8217;usuari es compromet a notificar qualsevol canvi o modificaci\u00f3 de les dades personals que hagi facilitat.<\/p>\t\t\t\t\t\t\t\t<\/div>\n\t\t\t\t<\/div>\n\t\t\t\t\t<\/div>\n\t\t\t\t<\/div>\n\t\t\t\t<\/div>\n\t\t","protected":false},"excerpt":{"rendered":"<p>Politica de privadesa Aquesta Pol\u00edtica de Privadesa detalla el tractament de les dades personals que duu a terme la societat CUSTOM MARK, SL (tamb\u00e9 denominada la Societat i CUSTOM MARK), d&#8217;acord amb les disposicions que estableix el Reglament (UE) 2016\/679 del Parlament Europeu i del Consell, de 27 d&#8217;abril de 2016, relatiu a la protecci\u00f3 [&hellip;]<\/p>\n","protected":false},"author":1,"featured_media":0,"parent":0,"menu_order":0,"comment_status":"closed","ping_status":"closed","template":"","meta":{"_acf_changed":false,"footnotes":""},"class_list":["post-29465","page","type-page","status-publish","hentry"],"acf":[],"_links":{"self":[{"href":"https:\/\/www.aedea.es\/ca\/wp-json\/wp\/v2\/pages\/29465","targetHints":{"allow":["GET"]}}],"collection":[{"href":"https:\/\/www.aedea.es\/ca\/wp-json\/wp\/v2\/pages"}],"about":[{"href":"https:\/\/www.aedea.es\/ca\/wp-json\/wp\/v2\/types\/page"}],"author":[{"embeddable":true,"href":"https:\/\/www.aedea.es\/ca\/wp-json\/wp\/v2\/users\/1"}],"replies":[{"embeddable":true,"href":"https:\/\/www.aedea.es\/ca\/wp-json\/wp\/v2\/comments?post=29465"}],"version-history":[{"count":19,"href":"https:\/\/www.aedea.es\/ca\/wp-json\/wp\/v2\/pages\/29465\/revisions"}],"predecessor-version":[{"id":33960,"href":"https:\/\/www.aedea.es\/ca\/wp-json\/wp\/v2\/pages\/29465\/revisions\/33960"}],"wp:attachment":[{"href":"https:\/\/www.aedea.es\/ca\/wp-json\/wp\/v2\/media?parent=29465"}],"curies":[{"name":"wp","href":"https:\/\/api.w.org\/{rel}","templated":true}]}}