{"id":29491,"date":"2017-04-25T16:16:29","date_gmt":"2017-04-25T14:16:29","guid":{"rendered":"https:\/\/www.aedea.es\/politica-de-cookies\/"},"modified":"2026-03-13T12:51:46","modified_gmt":"2026-03-13T10:51:46","slug":"politica-de-cookies","status":"publish","type":"page","link":"https:\/\/www.aedea.es\/ca\/politica-de-cookies\/","title":{"rendered":"Pol\u00edtica de cookies"},"content":{"rendered":"\t\t<div data-elementor-type=\"wp-page\" data-elementor-id=\"29491\" class=\"elementor elementor-29491 elementor-26892\" data-elementor-post-type=\"page\">\n\t\t\t\t<div class=\"elementor-element elementor-element-87a8617 e-flex e-con-boxed e-con e-parent\" data-id=\"87a8617\" data-element_type=\"container\">\n\t\t\t\t\t<div class=\"e-con-inner\">\n\t\t\t\t<div class=\"elementor-element elementor-element-5a7d5781 elementor-widget elementor-widget-text-editor\" data-id=\"5a7d5781\" data-element_type=\"widget\" data-widget_type=\"text-editor.default\">\n\t\t\t\t<div class=\"elementor-widget-container\">\n\t\t\t\t\t\t\t\t\t<h1>Pol\u00edtica de cookies<\/h1><p>Una <em>galeta<\/em> \u00e9s un petit fitxer de text que s&#8217;emmagatzema al seu navegador quan visita gaireb\u00e9 qualsevol p\u00e0gina web. La seva utilitat \u00e9s que la web sigui capa\u00e7 de recordar la seva visita quan torni a navegar per aquesta p\u00e0gina. Les <em>cookies<\/em> solen emmagatzemar informaci\u00f3 de car\u00e0cter t\u00e8cnic, prefer\u00e8ncies personals, personalitzaci\u00f3 de continguts, estad\u00edstiques d&#8217;\u00fas, enlla\u00e7os a xarxes socials, acc\u00e9s a comptes d&#8217;usuari, etc. L&#8217;objectiu de la <em>galeta<\/em> \u00e9s adaptar el contingut de la web al seu perfil i necessitats, sense <em>galetes<\/em> els serveis oferts per qualsevol p\u00e0gina es veurien minvats notablement. Si vol consultar m\u00e9s informaci\u00f3 sobre qu\u00e8 s\u00f3n les <em>galetes<\/em>, qu\u00e8 emmagatzemen, com eliminar-les, desactivar-les, etc., <a href=\"http:\/\/www.zettabyte.es\/mas-informacion-sobre-las-cookies\/\">li preguem que es dirigeixi a aquest enlla\u00e7.<\/a>    <\/p><h2>Cookies utilitzades en aquest lloc web<\/h2><p>Seguint les directrius de l&#8217;Ag\u00e8ncia Espanyola de Protecci\u00f3 de Dades procedim a detallar l&#8217;\u00fas de <em>cookies<\/em> que fa aquesta web per tal d&#8217;informar-lo amb la m\u00e0xima exactitud possible.<\/p><p>Aquest lloc web utilitza les <strong>cookies pr\u00f2pies<\/strong> :<\/p><ul><li>Cookies de sessi\u00f3, per garantir que els usuaris que escriguin comentaris al bloc siguin humans i no aplicacions automatitzades. D&#8217;aquesta manera, es combat l&#8217;<em>spam<\/em> . <\/li><\/ul><p>Aquest lloc web utilitza les seg\u00fcents <strong>cookies de tercers<\/strong> :<\/p><ul><li>Google Analytics: Emmagatzema <em>cookies<\/em> per poder elaborar estad\u00edstiques sobre el tr\u00e0nsit i el volum de visites d&#8217;aquesta web. En utilitzar aquest lloc web est\u00e0 consentint el tractament d&#8217;informaci\u00f3 sobre vost\u00e8 per Google. Per tant, l&#8217;exercici de qualsevol dret en aquest sentit ho ha de fer comunicant directament amb Google. <\/li><li>Xarxes socials: Cada xarxa social utilitza les seves pr\u00f2pies <em>cookies<\/em> perqu\u00e8 pugui punxar en botons del tipus <em>M&#8217;agrada<\/em> o <em>Compartir<\/em> .<\/li><\/ul><h2>Desactivaci\u00f3 o eliminaci\u00f3 de cookies<\/h2><p>En qualsevol moment, pot exercir el dret de desactivaci\u00f3 o eliminaci\u00f3 de cookies d&#8217;aquest lloc web. Aquestes accions es duen a terme de manera diferent en funci\u00f3 del navegador que utilitzi. <a href=\"http:\/\/www.zettabyte.es\/mas-informacion-sobre-las-cookies\/#navegadores\">Aqu\u00ed li deixem una guia r\u00e0pida per als navegadors m\u00e9s populars<\/a> . <\/p><h2>Notes addicionals<\/h2><ul><li>Ni aquesta web ni els seus representants legals es fan responsables ni del contingut ni de la veracitat de les pol\u00edtiques de privadesa que puguin tenir els tercers esmentats en aquesta pol\u00edtica de <em>cookies<\/em> .<\/li><li>Els navegadors web s\u00f3n les eines encarregades d&#8217;emmagatzemar les <em>galetes<\/em> i des d&#8217;aquest lloc vost\u00e8 ha d&#8217;efectuar el dret a eliminar-lo o desactivar-lo. Ni aquesta web ni els seus representants legals poden garantir la correcta o incorrecta manipulaci\u00f3 de les <em>cookies<\/em> per part dels navegadors esmentats. <\/li><li>En alguns casos, cal instal\u00b7lar <em>cookies<\/em> perqu\u00e8 el navegador no oblidi la seva decisi\u00f3 de no acceptar-les.<\/li><li>En el cas de les <em>galetes<\/em> de Google Analytics, aquesta empresa emmagatzema les <em>galetes<\/em> en servidors ubicats als Estats Units i es compromet a no compartir-la amb tercers, excepte en els casos en qu\u00e8 sigui necessari per al funcionament del sistema o quan la llei ho obligui. Segons Google, no guarda la seva adre\u00e7a IP. Google Inc. \u00e9s una companyia adherida a l&#8217;Acord de Port Segur que garanteix que totes les dades transferides seran tractades amb un nivell de protecci\u00f3 d&#8217;acord amb la normativa europea. Pot consultar informaci\u00f3 detallada sobre aixo <a href=\"http:\/\/safeharbor.export.gov\/companyinfo.aspx?id=16626\" target=\"_blank\" rel=\"noopener noreferrer\">en aquest enlla\u00e7<\/a> . Si vol informaci\u00f3 sobre l&#8217;\u00fas que Google dona a les cookies <a href=\"https:\/\/developers.google.com\/analytics\/devguides\/collection\/analyticsjs\/cookie-usage?hl=es&amp;csw=1\" target=\"_blank\" rel=\"noopener noreferrer\">li adjuntem aquest altre enlla\u00e7<\/a>.<\/li><li>Per a qualsevol dubte o consulta sobre aquesta pol\u00edtica de <em>cookies<\/em> no dubti a comunicar-se amb nosaltres per mitj\u00e0 de la secci\u00f3 de contacte.<\/li><\/ul><p>&nbsp;<\/p>\t\t\t\t\t\t\t\t<\/div>\n\t\t\t\t<\/div>\n\t\t\t\t\t<\/div>\n\t\t\t\t<\/div>\n\t\t\t\t<\/div>\n\t\t","protected":false},"excerpt":{"rendered":"<p>Pol\u00edtica de cookies Una galeta \u00e9s un petit fitxer de text que s&#8217;emmagatzema al seu navegador quan visita gaireb\u00e9 qualsevol p\u00e0gina web. La seva utilitat \u00e9s que la web sigui capa\u00e7 de recordar la seva visita quan torni a navegar per aquesta p\u00e0gina. Les cookies solen emmagatzemar informaci\u00f3 de car\u00e0cter t\u00e8cnic, prefer\u00e8ncies personals, personalitzaci\u00f3 de [&hellip;]<\/p>\n","protected":false},"author":1,"featured_media":0,"parent":0,"menu_order":0,"comment_status":"closed","ping_status":"closed","template":"","meta":{"_acf_changed":false,"footnotes":""},"class_list":["post-29491","page","type-page","status-publish","hentry"],"acf":[],"_links":{"self":[{"href":"https:\/\/www.aedea.es\/ca\/wp-json\/wp\/v2\/pages\/29491","targetHints":{"allow":["GET"]}}],"collection":[{"href":"https:\/\/www.aedea.es\/ca\/wp-json\/wp\/v2\/pages"}],"about":[{"href":"https:\/\/www.aedea.es\/ca\/wp-json\/wp\/v2\/types\/page"}],"author":[{"embeddable":true,"href":"https:\/\/www.aedea.es\/ca\/wp-json\/wp\/v2\/users\/1"}],"replies":[{"embeddable":true,"href":"https:\/\/www.aedea.es\/ca\/wp-json\/wp\/v2\/comments?post=29491"}],"version-history":[{"count":4,"href":"https:\/\/www.aedea.es\/ca\/wp-json\/wp\/v2\/pages\/29491\/revisions"}],"predecessor-version":[{"id":33951,"href":"https:\/\/www.aedea.es\/ca\/wp-json\/wp\/v2\/pages\/29491\/revisions\/33951"}],"wp:attachment":[{"href":"https:\/\/www.aedea.es\/ca\/wp-json\/wp\/v2\/media?parent=29491"}],"curies":[{"name":"wp","href":"https:\/\/api.w.org\/{rel}","templated":true}]}}