{"id":32537,"date":"2025-03-10T10:38:08","date_gmt":"2025-03-10T08:38:08","guid":{"rendered":"https:\/\/www.aedea.es\/avis-legal\/"},"modified":"2026-03-13T12:49:03","modified_gmt":"2026-03-13T10:49:03","slug":"avis-legal","status":"publish","type":"page","link":"https:\/\/www.aedea.es\/ca\/avis-legal\/","title":{"rendered":"Av\u00eds legal"},"content":{"rendered":"\t\t<div data-elementor-type=\"wp-page\" data-elementor-id=\"32537\" class=\"elementor elementor-32537 elementor-30448\" data-elementor-post-type=\"page\">\n\t\t\t\t<div class=\"elementor-element elementor-element-eab8f82 e-flex e-con-boxed e-con e-parent\" data-id=\"eab8f82\" data-element_type=\"container\">\n\t\t\t\t\t<div class=\"e-con-inner\">\n\t\t\t\t<div class=\"elementor-element elementor-element-77c420a elementor-widget elementor-widget-spacer\" data-id=\"77c420a\" data-element_type=\"widget\" data-widget_type=\"spacer.default\">\n\t\t\t\t<div class=\"elementor-widget-container\">\n\t\t\t\t\t\t\t<div class=\"elementor-spacer\">\n\t\t\t<div class=\"elementor-spacer-inner\"><\/div>\n\t\t<\/div>\n\t\t\t\t\t\t<\/div>\n\t\t\t\t<\/div>\n\t\t\t\t\t<\/div>\n\t\t\t\t<\/div>\n\t\t<div class=\"elementor-element elementor-element-cfe20ae e-flex e-con-boxed e-con e-parent\" data-id=\"cfe20ae\" data-element_type=\"container\">\n\t\t\t\t\t<div class=\"e-con-inner\">\n\t\t\t\t<div class=\"elementor-element elementor-element-3efb524 elementor-widget elementor-widget-text-editor\" data-id=\"3efb524\" data-element_type=\"widget\" data-widget_type=\"text-editor.default\">\n\t\t\t\t<div class=\"elementor-widget-container\">\n\t\t\t\t\t\t\t\t\t<p><strong>AV\u00cdS LEGAL<\/strong><\/p><p>L&#8217;empresa titular d&#8217;aquest website \u00e9s la societat CUSTOM MARK SL, amb domicili social al c\/ Vallespir 19, Edifici Octavia 4t 1a, oficina 5 , 08173 Sant Cugat del Vall\u00e8s, Barcelona, NIF B-63352264, que opera sota la marca \u201cAedea\u201d. Figura inscrita en el Registre Mercantil de Barcelona, volum 36253, foli 199, full B-282421, d&#8217;ara endavant, \u201cla companyia\u201d. <\/p><p><strong>P\u00e0gina web<\/strong><\/p><p>El lloc web propietat de la companyia t\u00e9 per objecte facilitar al p\u00fablic, en general, el coneixement de les activitats que aquesta empresa duu a terme i dels productes i serveis que presta.<\/p><p><strong>Usuaris.<\/strong><\/p><p>La utilitzaci\u00f3 de l&#8217;aplicaci\u00f3 web atribueix la condici\u00f3 d&#8217;Usuari del lloc web (d&#8217;ara endavant, l&#8221;Usuari&#8217;) i implica l&#8217;acceptaci\u00f3 plena i sense reserves de totes i cadascuna de les disposicions incloses en aquest Av\u00eds Legal- Condicions Generals d&#8217;\u00das en la versi\u00f3 publicada per la companyia, en el moment mateix en qu\u00e8 l&#8217;Usuari accedeixi al Portal. En conseq\u00fc\u00e8ncia, l&#8217;Usuari ha de llegir atentament aquest text cada vegada que es proposi utilitzar el Portal, ja que pot patir modificacions. <\/p><p>L&#8217;Usuari es compromet a fer-ne \u00fas d&#8217;acord amb la legalitat vigent i en tot cas d&#8217;acord amb la bona fe, l&#8217;ordre p\u00fablic i els bons costums. La companyia es reserva el dret a denegar o retirar l&#8217;acc\u00e9s al seu lloc web i\/o als serveis oferts sense necessitat de preav\u00eds, a inst\u00e0ncia pr\u00f2pia o d&#8217;un tercer, a aquells usuaris que incompleixin aquestes Condicions Generals d&#8217;\u00das. <\/p><p><strong>Condicions d&#8217;\u00fas<\/strong><\/p><p>L&#8217;usuari s&#8217;obliga a fer servir els continguts publicats en aquest lloc web d&#8217;una forma l\u00edcita en general i, en particular, es compromet a abstenir-se de: (a) utilitzar els continguts de forma, amb fins o efectes contraris a la llei, a la moral i als bons costums generalment acceptats o a l&#8217;ordre p\u00fablic; (b) emprar els continguts amb fins econ\u00f2mics, venda directa o amb qualsevol altra classe de finalitat comercial, missatges no sol\u00b7licitats dirigits a una pluralitat de persones amb independ\u00e8ncia de la seva finalitat, aix\u00ed com a abstenir-se de comercialitzar o divulgar de qualsevol manera aquesta informaci\u00f3; (c) qualsevol secci\u00f3 de la web, on es facilitin dades de car\u00e0cter personal, l&#8217;usuari manifesta expressament que les dades proporcionades s\u00f3n certes i que \u00e9s la persona autoritzada per fer-ne \u00fas, eximint expressament la companyia de qualsevol dany i perjudici que pugui patir per manca de veracitat en el contingut de la informaci\u00f3 facilitada. <\/p><p>La companyia no assumeix cap tipus de responsabilitat per l&#8217;\u00fas o mal \u00fas de la informaci\u00f3, les dades facilitades, els serveis o productes ressenyats en aquest lloc web.<\/p><p>La companyia no es fa responsable dels continguts, informacions i imatges que no depenguin del Portal, ni siguin gestionats per la companyia, ni assumeix cap mena de responsabilitat derivada del mal \u00fas d&#8217;aquests per part dels usuaris.<\/p><p>La companyia es reserva el dret a modificar unilateralment, en qualsevol moment i sense av\u00eds previ, la presentaci\u00f3 i configuraci\u00f3 dels continguts i els serveis del Portal, aix\u00ed com les condicions requerides per a la seva utilitzaci\u00f3 quan aix\u00f2 sigui convenient per a la seva millor prestaci\u00f3.<\/p><p><strong>Exempci\u00f3 de responsabilitat pel funcionament del WEBSITE:<\/strong><\/p><p>La companyia es reserva el dret d&#8217;efectuar sense av\u00eds previ les modificacions que consideri oportunes al seu portal, i pot canviar, suprimir o afegir tant els continguts i serveis que es prestin per mitj\u00e0 d&#8217;aquesta com la forma en qu\u00e8 aquests apareguin presentats o localitzats, i a suspendre temporalment o permanentment els serveis o continguts per qualsevol ra\u00f3, sense que aix\u00f2 doni lloc ni dret a cap reclamaci\u00f3. La companyia no es fa responsable dels danys i perjudicis de tota naturalesa que es puguin derivar de la disponibilitat i continu\u00eftat t\u00e8cnica del funcionament del Portal. La companyia no \u00e9s responsable de danys directes o indirectes, que es derivin de l&#8217;\u00fas del lloc web, aix\u00ed com els danys relacionats amb la demora o impossibilitat d&#8217;utilitzaci\u00f3 del servei. La companyia tampoc no garanteix que el servei o el servidor estiguin lliures de virus o altres components nocius. La companyia no es responsabilitza per fallades i\/o danys derivats de la incompatibilitat dels serveis o continguts d&#8217;aquest lloc web amb altres serveis, continguts o programes inform\u00e0tics que faci servir l&#8217;usuari. <\/p><p><strong>Tractament de les Dades de Car\u00e0cter Personal<\/strong><\/p><p data-start=\"548\" data-end=\"1355\">En compliment del que disposa el <strong data-start=\"586\" data-end=\"614\">Reglament (UE) 2016\/679<\/strong>, del Parlament Europeu i del Consell, de 27 d&#8217;abril de 2016, relatiu a la <strong data-start=\"692\" data-end=\"831\">protecci\u00f3 de les persones f\u00edsiques pel que fa al tractament de dades personals i a la lliure circulaci\u00f3 d&#8217;aquestes dades (RGPD)<\/strong>, aix\u00ed com en la <strong data-start=\"848\" data-end=\"871\">Llei org\u00e0nica 3\/2018<\/strong>, de 5 de desembre, de <strong data-start=\"895\" data-end=\"976\">protecci\u00f3n de dades personals i garantia dels drets digitals (LOPDGDD)<\/strong>, s&#8217;informa als Usuaris que les dades personals que, si s&#8217;escau, s&#8217;obtinguin per mitj\u00e0 dels diversos formularis d&#8217;aquest lloc web seran incorporades i tractades per <strong data-start=\"1150\" data-end=\"1170\">CUSTOM MARK SL<\/strong>, amb la finalitat de gestionar les sol\u00b7licituds, consultes o serveis sol\u00b7licitats, aix\u00ed com el manteniment de les relacions contractuals, administratives o comercials que se&#8217;n derivin.<\/p><p data-start=\"1357\" data-end=\"1621\">Les dades personals seran tractades de forma l\u00edcita, leal i transparent, i s&#8217;aplicaran les mesures de seguretat t\u00e8cniques i organitzatives adequades per garantir-ne la integritat i confidencialitat, evitant-ne l&#8217;alteraci\u00f3, p\u00e8rdua, tractament o acc\u00e9s no autoritzat.<\/p><p data-start=\"1623\" data-end=\"1875\">El tractament de les dades es basar\u00e0, si s&#8217;escau, en el <strong data-start=\"1680\" data-end=\"1721\">consentiment expr\u00e9s de l&#8217;interessat<\/strong>, en l&#8217;<strong data-start=\"1729\" data-end=\"1757\">execuci\u00f3 d&#8217;un contracte<\/strong> o en el <strong data-start=\"1766\" data-end=\"1806\">compliment d&#8217;una obligaci\u00f3 legal<\/strong>, d&#8217;acord amb all\u00f2 que disposen els articles 6 i seg\u00fcents de l&#8217;RGPD.<\/p><p data-start=\"1877\" data-end=\"2268\"> L&#8217;Usuari pot exercir els <strong data-start=\"1906\" data-end=\"2008\">drets d&#8217;acc\u00e9s, rectificaci\u00f3, supressi\u00f3, oposici\u00f3, limitaci\u00f3 del tractament i portabilitat<\/strong> de les dades, mitjan\u00e7ant comunicaci\u00f3 escrita dirigida a <strong data-start=\"2064\" data-end=\"2084\">CUSTOM MARK SL<\/strong>, c\/ Vallespir 19, Edifici Octavia 4t 1a, 08173 Sant Cugat del Vall\u00e8s, Barcelona, o mitjan\u00e7ant el correu electr\u00f2nic <strong data-start=\"2201\" data-end=\"2218\"><a class=\"decorated-link cursor-pointer\" rel=\"noopener\" data-start=\"2203\" data-end=\"2216\">info@aedea.es<\/a><\/strong>, indicant la refer\u00e8ncia \u201cProtecci\u00f3 de Dades\u201d.<\/p><p data-start=\"2270\" data-end=\"2493\">Aix\u00ed mateix, s&#8217;informa que l&#8217;Usuari t\u00e9 dret a presentar una reclamaci\u00f3 davant l&#8217;<strong data-start=\"2359\" data-end=\"2409\">Ag\u00e8ncia Espanyola de Protecci\u00f3 de Dades (AEPD)<\/strong> si considera que el tractament de les seves dades no s&#8217;ajusta a la normativa vigent.<\/p><p data-start=\"2495\" data-end=\"2643\">Els progenitors, representants o tutors legals s\u00f3n responsables de l&#8217;acc\u00e9s i \u00fas que els menors d&#8217;edat sota la seva tutela facin del lloc web.<\/p><p><strong>Drets de propietat intel\u00b7lectual i industrial<\/strong><\/p><p>El contingut d&#8217;aquest lloc web, que inclou per\u00f2 que no es limita a textos (informacions, conceptes, opinions i altres an\u00e0legs), elements gr\u00e0fics (disseny, logos, codi font i altres an\u00e0legs), imatges, components d&#8217;\u00e0udio i v\u00eddeo (d&#8217;ara endavant, CONTINGUTS) que constitueixen el Portal i difosos per mitj\u00e0 d&#8217;aquest, aix\u00ed com la seva presentaci\u00f3 i muntatge, s\u00f3n titularitat exclusiva de la companyia o ostenta els drets d&#8217;explotaci\u00f3 d&#8217;aquests per mitj\u00e0 d&#8217;acords amb tercers. Tots els noms comercials, marques o signes distintius, logotips, s\u00edmbols que apareixen en aquest Portal pertanyen a la companyia o disposa, amb l&#8217;autoritzaci\u00f3 pr\u00e8via, del dret d&#8217;\u00fas sobre aquestes i estan protegits per la legislaci\u00f3 vigent al respecte. La visualitzaci\u00f3, impressi\u00f3 i desc\u00e0rrega (en tot cas, parcial del contingut de la web) nom\u00e9s queda autoritzada si es fa per a un \u00fas personal i privat, sense fins comercials. <\/p><p><strong>Modificaci\u00f3 d&#8217;aquestes condicions.<\/strong><\/p><p>La companyia pot modificar en qualsevol moment les condicions aqu\u00ed determinades, i han de ser degudament publicades com apareixen aqu\u00ed. La vig\u00e8ncia de les condicions esmentades ha d&#8217;anar en funci\u00f3 de la seva exposici\u00f3 i estaran vigents fins que siguin modificades per d&#8217;altres degudament publicades. <\/p><p><strong>\u00das de cookies<\/strong><\/p><p>La companyia pot utilitzar galetes per personalitzar i facilitar al m\u00e0xim la navegaci\u00f3 de l&#8217;Usuari pel seu Portal. Les cookies s&#8217;associen \u00fanicament a un Usuari an\u00f2nim i al seu ordinador i no proporcionen refer\u00e8ncies que permetin deduir dades personals de l&#8217;Usuari. L&#8217;Usuari pot configurar el seu navegador perqu\u00e8 notifiqui i rebutgi la instal\u00b7laci\u00f3 de les cookies enviades per la companyia, sense que aix\u00f2 perjudiqui la possibilitat de l&#8217;Usuari d&#8217;accedir als Continguts. <\/p><p><strong>Enlla\u00e7os<\/strong><\/p><p>La companyia ha d&#8217;autoritzar expressament l&#8217;establiment d&#8217;enlla\u00e7os d&#8217;hipertext (hipervincles) a un altre lloc web dirigits a l&#8217;home page d&#8217;aquest Portal. En el cas que en el portal hi hagi enlla\u00e7os o hipervincles cap a altres llocs d&#8217;Internet, la companyia no ha d&#8217;exercir cap tipus de control sobre aquests llocs i continguts ni ha d&#8217;assumir cap responsabilitat pels continguts d&#8217;un lloc web ali\u00e8, ni ha de garantir la disponibilitat t\u00e8cnica, qualitat, fiabilitat, exactitud, amplitud, veracitat, validesa i constitucionalitat de qualsevol material o informaci\u00f3 continguda en cap dels esmentats hipervincles o altres llocs d&#8217;Internet. De la mateixa manera, la inclusi\u00f3 d&#8217;aquestes connexions externes no implica cap tipus d&#8217;associaci\u00f3, fusi\u00f3 o participaci\u00f3 amb les entitats connectades. <\/p><p><strong>Legislaci\u00f3 aplicable i jurisdicci\u00f3<\/strong><\/p><p>La relaci\u00f3 entre la companyia i els usuaris es regeixen per la normativa espanyola vigent i qualsevol controv\u00e8rsia s&#8217;ha de sotmetre als jutjats i tribunals de la ciutat de Barcelona.<\/p>\t\t\t\t\t\t\t\t<\/div>\n\t\t\t\t<\/div>\n\t\t\t\t\t<\/div>\n\t\t\t\t<\/div>\n\t\t\t\t<\/div>\n\t\t","protected":false},"excerpt":{"rendered":"<p>AV\u00cdS LEGAL L&#8217;empresa titular d&#8217;aquest website \u00e9s la societat CUSTOM MARK SL, amb domicili social al c\/ Vallespir 19, Edifici Octavia 4t 1a, oficina 5 , 08173 Sant Cugat del Vall\u00e8s, Barcelona, NIF B-63352264, que opera sota la marca \u201cAedea\u201d. Figura inscrita en el Registre Mercantil de Barcelona, volum 36253, foli 199, full B-282421, d&#8217;ara [&hellip;]<\/p>\n","protected":false},"author":1,"featured_media":0,"parent":0,"menu_order":0,"comment_status":"closed","ping_status":"closed","template":"","meta":{"_acf_changed":false,"footnotes":""},"class_list":["post-32537","page","type-page","status-publish","hentry"],"acf":[],"_links":{"self":[{"href":"https:\/\/www.aedea.es\/ca\/wp-json\/wp\/v2\/pages\/32537","targetHints":{"allow":["GET"]}}],"collection":[{"href":"https:\/\/www.aedea.es\/ca\/wp-json\/wp\/v2\/pages"}],"about":[{"href":"https:\/\/www.aedea.es\/ca\/wp-json\/wp\/v2\/types\/page"}],"author":[{"embeddable":true,"href":"https:\/\/www.aedea.es\/ca\/wp-json\/wp\/v2\/users\/1"}],"replies":[{"embeddable":true,"href":"https:\/\/www.aedea.es\/ca\/wp-json\/wp\/v2\/comments?post=32537"}],"version-history":[{"count":19,"href":"https:\/\/www.aedea.es\/ca\/wp-json\/wp\/v2\/pages\/32537\/revisions"}],"predecessor-version":[{"id":33939,"href":"https:\/\/www.aedea.es\/ca\/wp-json\/wp\/v2\/pages\/32537\/revisions\/33939"}],"wp:attachment":[{"href":"https:\/\/www.aedea.es\/ca\/wp-json\/wp\/v2\/media?parent=32537"}],"curies":[{"name":"wp","href":"https:\/\/api.w.org\/{rel}","templated":true}]}}