{"id":29463,"date":"2017-04-25T16:16:29","date_gmt":"2017-04-25T14:16:29","guid":{"rendered":"https:\/\/www.aedea.es\/politique-en-matiere-de-cookies\/"},"modified":"2026-03-13T12:53:39","modified_gmt":"2026-03-13T10:53:39","slug":"politique-en-matiere-de-cookies","status":"publish","type":"page","link":"https:\/\/www.aedea.es\/fr\/politique-en-matiere-de-cookies\/","title":{"rendered":"Politique en mati\u00e8re de cookies"},"content":{"rendered":"\t\t<div data-elementor-type=\"wp-page\" data-elementor-id=\"29463\" class=\"elementor elementor-29463 elementor-26892\" data-elementor-post-type=\"page\">\n\t\t\t\t<div class=\"elementor-element elementor-element-410bc88c e-flex e-con-boxed e-con e-parent\" data-id=\"410bc88c\" data-element_type=\"container\">\n\t\t\t\t\t<div class=\"e-con-inner\">\n\t\t\t\t<div class=\"elementor-element elementor-element-5450aab3 elementor-widget elementor-widget-text-editor\" data-id=\"5450aab3\" data-element_type=\"widget\" data-widget_type=\"text-editor.default\">\n\t\t\t\t<div class=\"elementor-widget-container\">\n\t\t\t\t\t\t\t\t\t<h1>Politique en mati\u00e8re de cookies<\/h1><p>Un <em>cookie<\/em> est un petit fichier texte qui est stock\u00e9 dans votre navigateur lorsque vous visitez presque n&rsquo;importe quel site web. Son utilit\u00e9 est de permettre au site web de se souvenir de votre visite lorsque vous revenez naviguer sur cette page. <em>Les cookies<\/em> stockent g\u00e9n\u00e9ralement des informations de nature technique, des pr\u00e9f\u00e9rences personnelles, la personnalisation du contenu, des statistiques d&rsquo;utilisation, des liens vers des r\u00e9seaux sociaux, l&rsquo;acc\u00e8s \u00e0 des comptes d&rsquo;utilisateurs, etc. L&rsquo;objectif du <em>cookie<\/em> est d&rsquo;adapter le contenu du site web \u00e0 votre profil et \u00e0 vos besoins. Sans <em>les cookies<\/em>, les services offerts par chaque page seraient consid\u00e9rablement r\u00e9duits. <a href=\"http:\/\/www.zettabyte.es\/mas-informacion-sobre-las-cookies\/\">Pour<\/a> plus d&rsquo;informations sur ce que sont les <em>cookies<\/em>, ce qu&rsquo;ils stockent, comment les supprimer, les d\u00e9sactiver, etc.    <\/p><h2>Cookies utilis\u00e9s sur ce site<\/h2><p>Conform\u00e9ment aux directives de l&rsquo;Agence espagnole de protection des donn\u00e9es, nous d\u00e9taillons l&rsquo;utilisation des <em>cookies<\/em> sur ce site Web afin de vous informer le plus pr\u00e9cis\u00e9ment possible.<\/p><p>Ce site web utilise les <strong>cookies<\/strong> suivants :<\/p><ul><li>Les cookies de session, pour s&rsquo;assurer que les utilisateurs qui \u00e9crivent des commentaires sur le blog sont des \u00eatres humains et non des applications automatis\u00e9es. Cela permet de lutter contre le <em>spam<\/em>. <\/li><\/ul><p>Ce site Web utilise les <strong>cookies de tiers<\/strong> suivants :<\/p><ul><li>Google Analytics : Stocke des <em>cookies<\/em> pour \u00e9tablir des statistiques sur le trafic et le volume de visites sur ce site. En utilisant ce site, vous consentez au traitement de vos donn\u00e9es personnelles par Google. Par cons\u00e9quent, l&rsquo;exercice de tout droit \u00e0 cet \u00e9gard doit se faire en communiquant directement avec Google.  <\/li><li>R\u00e9seaux sociaux : chaque r\u00e9seau social utilise ses propres <em>cookies<\/em> pour vous permettre de cliquer sur les boutons <em>\u00ab\u00a0J&rsquo;aime\u00a0\u00bb<\/em> ou <em>\u00ab\u00a0Partager\u00a0\u00bb<\/em>.<\/li><\/ul><h2>D\u00e9sactiver ou supprimer les cookies<\/h2><p>Vous pouvez \u00e0 tout moment exercer votre droit de d\u00e9sactiver ou de supprimer les cookies de ce site web. Ces actions s&rsquo;effectuent diff\u00e9remment selon le navigateur que vous utilisez. <a href=\"http:\/\/www.zettabyte.es\/mas-informacion-sobre-las-cookies\/#navegadores\">Voici un guide rapide pour les navigateurs les plus courants<\/a>. <\/p><h2>Notes compl\u00e9mentaires<\/h2><ul><li>Ni ce site web ni ses repr\u00e9sentants l\u00e9gaux ne sont responsables du contenu ou de la v\u00e9racit\u00e9 des politiques de confidentialit\u00e9 des tiers mentionn\u00e9s dans cette politique en mati\u00e8re de <em>cookies<\/em>.<\/li><li>Les navigateurs web sont les outils responsables du stockage des <em>cookies<\/em> et, \u00e0 partir de l\u00e0, vous devez exercer votre droit de les supprimer ou de les d\u00e9sactiver. Ni ce site web ni ses repr\u00e9sentants l\u00e9gaux ne peuvent garantir le traitement correct ou incorrect des <em>cookies<\/em> par les navigateurs susmentionn\u00e9s. <\/li><li>Dans certains cas, il est n\u00e9cessaire d&rsquo;installer des <em>cookies<\/em> afin que le navigateur n&rsquo;oublie pas votre d\u00e9cision de ne pas les accepter.<\/li><li>Dans le cas des <em>cookies<\/em> Google Analytics, Google Analytics stocke les <em>cookies<\/em> sur des serveurs situ\u00e9s aux Etats-Unis et s&rsquo;engage \u00e0 ne pas les partager avec des tiers, sauf si cela est n\u00e9cessaire au fonctionnement du syst\u00e8me ou si la loi l&rsquo;exige. Selon Google, il ne stocke pas votre adresse IP. Google Inc. est membre de l&rsquo;accord Safe Harbour qui garantit que toutes les donn\u00e9es transf\u00e9r\u00e9es seront trait\u00e9es avec un niveau de protection conforme \u00e0 la r\u00e9glementation europ\u00e9enne. Vous trouverez des informations d\u00e9taill\u00e9es \u00e0 ce sujet sur <a href=\"http:\/\/safeharbor.export.gov\/companyinfo.aspx?id=16626\" target=\"_blank\" rel=\"noopener noreferrer\">ce lien<\/a>. Si vous souhaitez obtenir des informations sur l&rsquo;utilisation des cookies par Google, <a href=\"https:\/\/developers.google.com\/analytics\/devguides\/collection\/analyticsjs\/cookie-usage?hl=es&amp;csw=1\" target=\"_blank\" rel=\"noopener noreferrer\">veuillez suivre ce lien<\/a>.     <\/li><li>Si vous avez des doutes ou des questions concernant cette politique en mati\u00e8re de <em>cookies<\/em>, n&rsquo;h\u00e9sitez pas \u00e0 nous contacter via la section contact.<\/li><\/ul><p>&nbsp;<\/p>\t\t\t\t\t\t\t\t<\/div>\n\t\t\t\t<\/div>\n\t\t\t\t\t<\/div>\n\t\t\t\t<\/div>\n\t\t\t\t<\/div>\n\t\t","protected":false},"excerpt":{"rendered":"<p>Politique en mati\u00e8re de cookies Un cookie est un petit fichier texte qui est stock\u00e9 dans votre navigateur lorsque vous visitez presque n&rsquo;importe quel site web. Son utilit\u00e9 est de permettre au site web de se souvenir de votre visite lorsque vous revenez naviguer sur cette page. Les cookies stockent g\u00e9n\u00e9ralement des informations de nature [&hellip;]<\/p>\n","protected":false},"author":1,"featured_media":0,"parent":0,"menu_order":0,"comment_status":"closed","ping_status":"closed","template":"","meta":{"_acf_changed":false,"footnotes":""},"class_list":["post-29463","page","type-page","status-publish","hentry"],"acf":[],"_links":{"self":[{"href":"https:\/\/www.aedea.es\/fr\/wp-json\/wp\/v2\/pages\/29463","targetHints":{"allow":["GET"]}}],"collection":[{"href":"https:\/\/www.aedea.es\/fr\/wp-json\/wp\/v2\/pages"}],"about":[{"href":"https:\/\/www.aedea.es\/fr\/wp-json\/wp\/v2\/types\/page"}],"author":[{"embeddable":true,"href":"https:\/\/www.aedea.es\/fr\/wp-json\/wp\/v2\/users\/1"}],"replies":[{"embeddable":true,"href":"https:\/\/www.aedea.es\/fr\/wp-json\/wp\/v2\/comments?post=29463"}],"version-history":[{"count":4,"href":"https:\/\/www.aedea.es\/fr\/wp-json\/wp\/v2\/pages\/29463\/revisions"}],"predecessor-version":[{"id":33957,"href":"https:\/\/www.aedea.es\/fr\/wp-json\/wp\/v2\/pages\/29463\/revisions\/33957"}],"wp:attachment":[{"href":"https:\/\/www.aedea.es\/fr\/wp-json\/wp\/v2\/media?parent=29463"}],"curies":[{"name":"wp","href":"https:\/\/api.w.org\/{rel}","templated":true}]}}