{"id":29482,"date":"2020-01-21T16:53:40","date_gmt":"2020-01-21T14:53:40","guid":{"rendered":"https:\/\/www.aedea.es\/politique-de-confidentialite\/"},"modified":"2026-03-13T12:39:46","modified_gmt":"2026-03-13T10:39:46","slug":"politique-de-confidentialite","status":"publish","type":"page","link":"https:\/\/www.aedea.es\/fr\/politique-de-confidentialite\/","title":{"rendered":"Politique de confidentialit\u00e9"},"content":{"rendered":"\t\t<div data-elementor-type=\"wp-page\" data-elementor-id=\"29482\" class=\"elementor elementor-29482 elementor-26906\" data-elementor-post-type=\"page\">\n\t\t\t\t<div class=\"elementor-element elementor-element-2becbf95 e-flex e-con-boxed e-con e-parent\" data-id=\"2becbf95\" data-element_type=\"container\">\n\t\t\t\t\t<div class=\"e-con-inner\">\n\t\t\t\t<div class=\"elementor-element elementor-element-15b331eb elementor-widget elementor-widget-text-editor\" data-id=\"15b331eb\" data-element_type=\"widget\" data-widget_type=\"text-editor.default\">\n\t\t\t\t<div class=\"elementor-widget-container\">\n\t\t\t\t\t\t\t\t\t<h1>Politique de confidentialit\u00e9<\/h1><p style=\"text-align: justify;\"><br \/><br \/>La pr\u00e9sente Politique de confidentialit\u00e9 d\u00e9taille les traitements de donn\u00e9es \u00e0 caract\u00e8re personnel effectu\u00e9s par la soci\u00e9t\u00e9 CUSTOM MARK, S.L. (\u00e9galement d\u00e9nomm\u00e9e la Soci\u00e9t\u00e9 et CUSTOM MARK), conform\u00e9ment aux dispositions pr\u00e9vues par le R\u00e8glement (UE) 2016\/679 du Parlement europ\u00e9en et du Conseil du 27 avril 2016 relatif \u00e0 la protection des personnes physiques \u00e0 l&rsquo;\u00e9gard du traitement des donn\u00e9es \u00e0 caract\u00e8re personnel et \u00e0 la libre circulation de ces donn\u00e9es (RGPD) et la Loi organique 3\/2018 du 5 d\u00e9cembre relative \u00e0 la protection des donn\u00e9es \u00e0 caract\u00e8re personnel et \u00e0 la garantie des droits num\u00e9riques (LOPDGDD). Le responsable du traitement des donn\u00e9es personnelles fournies par l&rsquo;Utilisateur lors de l&rsquo;utilisation de ce site web ainsi que par la suite est CUSTOM MARK, dont l&rsquo;adresse est calle Vallespir 19, Edificio Octavia 4\u00ba1\u00aa, 08173 Sant Cugat del Vall\u00e9s (Barcelone). Vous pouvez contacter CUSTOM MARK, S.L. pour toute question ou pour exercer vos droits en mati\u00e8re de protection des donn\u00e9es personnelles en envoyant un courrier \u00e9lectronique \u00e0 pd@aedea.es.<\/p><p style=\"text-align: justify;\">F<strong>INALIT\u00c9 DU TRAITEMENT :<\/strong> CUSTOM MARK traitera les donn\u00e9es fournies par les utilisateurs afin d&rsquo;ex\u00e9cuter au mieux les services contract\u00e9s ou de r\u00e9pondre aux demandes formul\u00e9es par le biais des diff\u00e9rents formulaires pr\u00e9sents sur ce site web. Les donn\u00e9es seront conserv\u00e9es pendant le temps n\u00e9cessaire \u00e0 l&rsquo;ex\u00e9cution de la relation contractuelle ou pr\u00e9contractuelle qui l\u00e9gitime leur traitement, pour r\u00e9pondre aux demandes ou aux requ\u00eates formul\u00e9es, ainsi que pendant le temps n\u00e9cessaire au respect des obligations l\u00e9gales qui, dans chaque cas, correspondent \u00e0 chaque cat\u00e9gorie de donn\u00e9es. En aucun cas, la personne concern\u00e9e ne fera l&rsquo;objet de d\u00e9cisions automatis\u00e9es de la part de CUSTOM MARK en cons\u00e9quence du traitement des donn\u00e9es effectu\u00e9.<\/p><p style=\"text-align: justify;\">L<strong>\u00c9GITIMIT\u00c9 :<\/strong> La base juridique qui l\u00e9gitime le traitement des donn\u00e9es des Utilisateurs est l&rsquo;ex\u00e9cution du contrat de service qui a \u00e9t\u00e9 contract\u00e9 avec CUSTOM MARK ou des mesures pr\u00e9contractuelles pertinentes, ainsi que l&rsquo;int\u00e9r\u00eat l\u00e9gitime de CUSTOM MARK \u00e0 maintenir la relation existante avec l&rsquo;Utilisateur et, le cas \u00e9ch\u00e9ant, le consentement expr\u00e8s donn\u00e9 pour les traitements qui le requi\u00e8rent. Dans le cas o\u00f9 les Utilisateurs nous fournissent des donn\u00e9es personnelles de tiers, l&rsquo;Utilisateur garantit qu&rsquo;il les a pr\u00e9alablement inform\u00e9s de la pr\u00e9sente Politique de confidentialit\u00e9, et sera responsable envers CUSTOM MARK de tout dommage pouvant survenir en cas de non-respect.<\/p><p style=\"text-align: justify;\">O<strong>BJECTIFS :<\/strong> CUSTOM MARK ne communiquera pas vos donn\u00e9es \u00e0 des tiers, sauf si cela est strictement n\u00e9cessaire pour g\u00e9rer et maintenir votre relation avec nous ou avec votre autorisation pr\u00e9alable.<br \/>Le traitement des donn\u00e9es personnelles est effectu\u00e9 au sein de l&rsquo;Espace \u00e9conomique europ\u00e9en. CUSTOM MARK ne pr\u00e9voit en aucun cas la cession ou le transfert international des donn\u00e9es personnelles qu&rsquo;elle traite \u00e0 des tiers, en informant toujours les parties int\u00e9ress\u00e9es dans les cas qui peuvent se pr\u00e9senter.<\/p><p style=\"text-align: justify;\"><strong>LES DROITS DES PARTIES INT\u00c9RESS\u00c9ES :<\/strong><br \/>La personne concern\u00e9e a toujours le droit d&rsquo;acc\u00e9der \u00e0 ses donn\u00e9es personnelles, de les rectifier lorsqu&rsquo;elles sont inexactes, de les supprimer lorsque la raison qui a l\u00e9gitim\u00e9 leur traitement par le responsable du traitement n&rsquo;est plus remplie, de limiter leur traitement ou de s&rsquo;y opposer, ainsi que le droit \u00e0 la portabilit\u00e9 des donn\u00e9es, de ne pas faire l&rsquo;objet de d\u00e9cisions automatis\u00e9es et de r\u00e9voquer le consentement pour les traitements qui \u00e9taient bas\u00e9s sur le consentement de la personne concern\u00e9e en contactant l&rsquo;entreprise en envoyant un courrier \u00e9lectronique prouvant son identit\u00e9 \u00e0 l&rsquo;adresse suivante : pd@aedea.es De m\u00eame, les utilisateurs peuvent d\u00e9poser une plainte aupr\u00e8s de l&rsquo;Agence espagnole de protection des donn\u00e9es (AEPD) \u00e0 l&rsquo;adresse suivante s&rsquo;ils le jugent opportun ou s&rsquo;ils estiment qu&rsquo;une infraction a \u00e9t\u00e9 commise dans le cadre du traitement de leurs donn\u00e9es personnelles :<br \/><a href=\"https:\/\/sedeagpd.gob.es\/sede-electronica-web\/vistas\/formNuevaReclamacion\/reclamacion.jsf\">https:\/\/sedeagpd.gob.es<\/a><br \/>L&rsquo;utilisateur s&rsquo;engage \u00e0 notifier tout changement ou modification des donn\u00e9es personnelles fournies.<\/p>\t\t\t\t\t\t\t\t<\/div>\n\t\t\t\t<\/div>\n\t\t\t\t\t<\/div>\n\t\t\t\t<\/div>\n\t\t\t\t<\/div>\n\t\t","protected":false},"excerpt":{"rendered":"<p>Politique de confidentialit\u00e9 La pr\u00e9sente Politique de confidentialit\u00e9 d\u00e9taille les traitements de donn\u00e9es \u00e0 caract\u00e8re personnel effectu\u00e9s par la soci\u00e9t\u00e9 CUSTOM MARK, S.L. (\u00e9galement d\u00e9nomm\u00e9e la Soci\u00e9t\u00e9 et CUSTOM MARK), conform\u00e9ment aux dispositions pr\u00e9vues par le R\u00e8glement (UE) 2016\/679 du Parlement europ\u00e9en et du Conseil du 27 avril 2016 relatif \u00e0 la protection des personnes [&hellip;]<\/p>\n","protected":false},"author":1,"featured_media":0,"parent":0,"menu_order":0,"comment_status":"closed","ping_status":"closed","template":"","meta":{"_acf_changed":false,"footnotes":""},"class_list":["post-29482","page","type-page","status-publish","hentry"],"acf":[],"_links":{"self":[{"href":"https:\/\/www.aedea.es\/fr\/wp-json\/wp\/v2\/pages\/29482","targetHints":{"allow":["GET"]}}],"collection":[{"href":"https:\/\/www.aedea.es\/fr\/wp-json\/wp\/v2\/pages"}],"about":[{"href":"https:\/\/www.aedea.es\/fr\/wp-json\/wp\/v2\/types\/page"}],"author":[{"embeddable":true,"href":"https:\/\/www.aedea.es\/fr\/wp-json\/wp\/v2\/users\/1"}],"replies":[{"embeddable":true,"href":"https:\/\/www.aedea.es\/fr\/wp-json\/wp\/v2\/comments?post=29482"}],"version-history":[{"count":7,"href":"https:\/\/www.aedea.es\/fr\/wp-json\/wp\/v2\/pages\/29482\/revisions"}],"predecessor-version":[{"id":33926,"href":"https:\/\/www.aedea.es\/fr\/wp-json\/wp\/v2\/pages\/29482\/revisions\/33926"}],"wp:attachment":[{"href":"https:\/\/www.aedea.es\/fr\/wp-json\/wp\/v2\/media?parent=29482"}],"curies":[{"name":"wp","href":"https:\/\/api.w.org\/{rel}","templated":true}]}}