{"id":32518,"date":"2025-03-10T10:38:08","date_gmt":"2025-03-10T08:38:08","guid":{"rendered":"https:\/\/www.aedea.es\/avis-juridique\/"},"modified":"2026-03-13T12:49:14","modified_gmt":"2026-03-13T10:49:14","slug":"avis-juridique","status":"publish","type":"page","link":"https:\/\/www.aedea.es\/fr\/avis-juridique\/","title":{"rendered":"Avis juridique"},"content":{"rendered":"\t\t<div data-elementor-type=\"wp-page\" data-elementor-id=\"32518\" class=\"elementor elementor-32518 elementor-30448\" data-elementor-post-type=\"page\">\n\t\t\t\t<div class=\"elementor-element elementor-element-eab8f82 e-flex e-con-boxed e-con e-parent\" data-id=\"eab8f82\" data-element_type=\"container\">\n\t\t\t\t\t<div class=\"e-con-inner\">\n\t\t\t\t<div class=\"elementor-element elementor-element-77c420a elementor-widget elementor-widget-spacer\" data-id=\"77c420a\" data-element_type=\"widget\" data-widget_type=\"spacer.default\">\n\t\t\t\t<div class=\"elementor-widget-container\">\n\t\t\t\t\t\t\t<div class=\"elementor-spacer\">\n\t\t\t<div class=\"elementor-spacer-inner\"><\/div>\n\t\t<\/div>\n\t\t\t\t\t\t<\/div>\n\t\t\t\t<\/div>\n\t\t\t\t\t<\/div>\n\t\t\t\t<\/div>\n\t\t<div class=\"elementor-element elementor-element-cfe20ae e-flex e-con-boxed e-con e-parent\" data-id=\"cfe20ae\" data-element_type=\"container\">\n\t\t\t\t\t<div class=\"e-con-inner\">\n\t\t\t\t<div class=\"elementor-element elementor-element-3efb524 elementor-widget elementor-widget-text-editor\" data-id=\"3efb524\" data-element_type=\"widget\" data-widget_type=\"text-editor.default\">\n\t\t\t\t<div class=\"elementor-widget-container\">\n\t\t\t\t\t\t\t\t\t<p><strong>AVIS JURIDIQUE<\/strong><\/p><p>Le propri\u00e9taire de ce site web est l&rsquo;entreprise CUSTOM MARK S.L. dont le si\u00e8ge social est situ\u00e9 c\/ Vallespir 19, Edificio Octavia 4\u00ba 1\u00aa oficina 5 , 08173 Sant Cugat del Vall\u00e9s, Barcelona, NIF B-63352264, et qui op\u00e8re sous la marque \u00ab\u00a0Aedea\u00a0\u00bb. Elle est inscrite au registre du commerce de Barcelone, volume 36253, folio 199, page B-282421. Ci-apr\u00e8s, \u00ab\u00a0l&rsquo;entreprise\u00a0\u00bb.  <\/p><p><strong>Site web<\/strong><\/p><p>L&rsquo;objectif du site web de l&rsquo;entreprise est de fournir au grand public des informations sur les activit\u00e9s de l&rsquo;entreprise et sur les produits et services qu&rsquo;elle fournit.<\/p><p><strong>Utilisateurs.<\/strong><\/p><p>L&rsquo;utilisation de l&rsquo;application web conf\u00e8re la condition d&rsquo;Utilisateur du site web (ci-apr\u00e8s, l'\u00a0\u00bbUtilisateur\u00a0\u00bb) et implique l&rsquo;acceptation totale et sans r\u00e9serve de toutes et chacune des dispositions incluses dans le pr\u00e9sent Avis juridique &#8211; Conditions g\u00e9n\u00e9rales d&rsquo;utilisation dans la version publi\u00e9e par l&rsquo;entreprise, au moment m\u00eame o\u00f9 l&rsquo;Utilisateur acc\u00e8de au Portail. Par cons\u00e9quent, l&rsquo;utilisateur doit lire attentivement ce texte chaque fois qu&rsquo;il a l&rsquo;intention d&rsquo;utiliser le portail, \u00e9tant donn\u00e9 qu&rsquo;il peut subir des modifications. <\/p><p>L&rsquo;utilisateur s&rsquo;engage \u00e0 utiliser le site Web conform\u00e9ment \u00e0 la l\u00e9gislation en vigueur et, dans tous les cas, \u00e0 la bonne foi, \u00e0 l&rsquo;ordre public et aux bonnes coutumes. L&rsquo;entreprise se r\u00e9serve le droit de refuser ou de retirer l&rsquo;acc\u00e8s \u00e0 son site web et\/ou aux services offerts sans avis pr\u00e9alable, \u00e0 sa demande ou \u00e0 la demande d&rsquo;un tiers, aux utilisateurs qui ne respectent pas les pr\u00e9sentes conditions g\u00e9n\u00e9rales d&rsquo;utilisation. <\/p><p><strong>Conditions d&rsquo;utilisation<\/strong><\/p><p>L&rsquo;utilisateur s&rsquo;engage \u00e0 utiliser les contenus publi\u00e9s sur ce site Web de mani\u00e8re g\u00e9n\u00e9ralement licite et, en particulier, \u00e0 s&rsquo;abstenir (a) d&rsquo;utiliser les contenus d&rsquo;une mani\u00e8re, \u00e0 des fins ou avec des effets contraires \u00e0 la loi, \u00e0 la morale et aux bonnes coutumes g\u00e9n\u00e9ralement accept\u00e9es ou \u00e0 l&rsquo;ordre public ; (b) d&rsquo;utiliser les contenus \u00e0 des fins \u00e9conomiques, de vente directe ou \u00e0 toute autre fin commerciale, de messages non sollicit\u00e9s adress\u00e9s \u00e0 un certain nombre de personnes ind\u00e9pendamment de leur finalit\u00e9, et de s&rsquo;abstenir de commercialiser ou de divulguer de telles informations de quelque mani\u00e8re que ce soit ; (c) dans toute section du site Web o\u00f9 des donn\u00e9es personnelles sont fournies, l&rsquo;utilisateur d\u00e9clare express\u00e9ment que les donn\u00e9es fournies sont v\u00e9ridiques et qu&rsquo;il est la personne autoris\u00e9e \u00e0 les utiliser, exon\u00e9rant express\u00e9ment l&rsquo;entreprise de tout dommage qui pourrait \u00eatre subi en raison du manque de v\u00e9racit\u00e9 du contenu de l&rsquo;information fournie.   <\/p><p>L&rsquo;entreprise n&rsquo;assume aucune responsabilit\u00e9 quant \u00e0 l&rsquo;utilisation ou \u00e0 la mauvaise utilisation des informations, des donn\u00e9es fournies, des services ou des produits d\u00e9crits sur ce site web.<\/p><p>L&rsquo;entreprise n&rsquo;est pas responsable des contenus, des informations et des images qui ne d\u00e9pendent pas du portail et qui ne sont pas g\u00e9r\u00e9s par l&rsquo;entreprise, et elle n&rsquo;assume aucune responsabilit\u00e9 d\u00e9riv\u00e9e de leur mauvaise utilisation par les utilisateurs.<\/p><p>L&rsquo;entreprise se r\u00e9serve le droit de modifier unilat\u00e9ralement, \u00e0 tout moment et sans pr\u00e9avis, la pr\u00e9sentation et la configuration des contenus et des services du portail, ainsi que les conditions requises pour son utilisation, lorsque cela s&rsquo;av\u00e8re n\u00e9cessaire pour une meilleure prestation.<\/p><p><strong>Exon\u00e9ration de responsabilit\u00e9 pour l&rsquo;exploitation du SITE :<\/strong><\/p><p>L&rsquo;entreprise se r\u00e9serve le droit d&rsquo;apporter les modifications inopin\u00e9es qu&rsquo;elle juge opportunes \u00e0 son portail, ainsi que de modifier, supprimer ou ajouter des contenus et des services fournis par le biais de celui-ci, de m\u00eame que la mani\u00e8re dont ils sont pr\u00e9sent\u00e9s ou localis\u00e9s, et de suspendre temporairement ou d\u00e9finitivement les services ou les contenus pour quelque raison que ce soit, sans que cela ne donne lieu \u00e0 une quelconque r\u00e9clamation ou indemnisation, ni n&rsquo;implique la reconnaissance d&rsquo;une responsabilit\u00e9 quelle qu&rsquo;elle soit. L&rsquo;entreprise n&rsquo;est pas responsable des dommages de toute nature pouvant d\u00e9couler de la disponibilit\u00e9 et de la continuit\u00e9 technique du fonctionnement du portail. L&rsquo;entreprise n&rsquo;est pas responsable des dommages directs ou indirects d\u00e9coulant de l&rsquo;utilisation du site web, ni des dommages li\u00e9s au retard ou \u00e0 l&rsquo;impossibilit\u00e9 d&rsquo;utiliser le service. L&rsquo;entreprise ne garantit pas non plus que le service ou le serveur sont exempts de virus ou d&rsquo;autres \u00e9l\u00e9ments nuisibles. L&rsquo;entreprise n&rsquo;est pas responsable des d\u00e9faillances et\/ou des dommages r\u00e9sultant de l&rsquo;incompatibilit\u00e9 des services ou des contenus de ce site web avec d&rsquo;autres services, contenus ou programmes informatiques utilis\u00e9s par l&rsquo;utilisateur.    <\/p><p><strong>Traitement des donn\u00e9es personnelles<\/strong><\/p><p>Conform\u00e9ment \u00e0 la loi organique 15\/1999 du 13 d\u00e9cembre 1999 sur la protection des donn\u00e9es \u00e0 caract\u00e8re personnel (LOPD), les donn\u00e9es \u00e9ventuellement fournies par l&rsquo;utilisateur seront incorpor\u00e9es \u00e0 un fichier automatis\u00e9 qui sera trait\u00e9 exclusivement aux fins d\u00e9crites. Elles seront collect\u00e9es par le biais des formulaires correspondants, qui ne contiendront que les champs indispensables \u00e0 la prestation du service demand\u00e9 par l&rsquo;utilisateur. Les donn\u00e9es personnelles seront trait\u00e9es avec le degr\u00e9 de protection appropri\u00e9, conform\u00e9ment au d\u00e9cret royal 1720\/2007, du 21 d\u00e9cembre, en prenant les mesures de s\u00e9curit\u00e9 n\u00e9cessaires pour \u00e9viter leur alt\u00e9ration, perte, traitement ou acc\u00e8s non autoris\u00e9 par des tiers qui pourraient les utiliser \u00e0 des fins autres que celles pour lesquelles elles ont \u00e9t\u00e9 demand\u00e9es \u00e0 l&rsquo;utilisateur. Dans le cas o\u00f9 il serait jug\u00e9 opportun de transf\u00e9rer des donn\u00e9es personnelles \u00e0 d&rsquo;autres entit\u00e9s, l&rsquo;utilisateur sera explicitement inform\u00e9 de la finalit\u00e9 du fichier, des donn\u00e9es transf\u00e9r\u00e9es et du nom et de l&rsquo;adresse du destinataire du transfert, afin qu&rsquo;il puisse donner son consentement sans \u00e9quivoque \u00e0 cet \u00e9gard. Enfin, l&rsquo;utilisateur peut exercer ses droits d&rsquo;opposition, d&rsquo;acc\u00e8s, de rectification et d&rsquo;annulation conform\u00e9ment aux dispositions de la LOPD, ou simplement pour toute question ou commentaire personnel \u00e0 ce sujet, en \u00e9crivant \u00e0 l&rsquo;entreprise \u00e0 l&rsquo;adresse suivante : CUSTOM MARK S.L. c\/ Vallespir 19, Edificio Octavia 4\u00ba 1\u00aa, 08173 Sant Cugat del Valles, Barcelona. Les parents, repr\u00e9sentants ou tuteurs l\u00e9gaux seront responsables de l&rsquo;acc\u00e8s et de l&rsquo;utilisation du site web par les mineurs sous leur tutelle.     <\/p><p><strong>Droits de propri\u00e9t\u00e9 intellectuelle et industrielle<\/strong><\/p><p>Les contenus de ce site web, qui comprennent, sans s&rsquo;y limiter, les textes (informations, concepts, opinions et autres similaires), les \u00e9l\u00e9ments graphiques (design, logos, code source et autres similaires), les images, les \u00e9l\u00e9ments audio et vid\u00e9o, (ci-apr\u00e8s d\u00e9nomm\u00e9s CONTENUS) qui composent le portail et sont diffus\u00e9s \u00e0 travers celui-ci, ainsi que leur pr\u00e9sentation et leur assemblage, sont la propri\u00e9t\u00e9 exclusive de l&rsquo;entreprise ou d\u00e9tiennent les droits d&rsquo;exploitation par le biais d&rsquo;accords avec des tiers. Tous les noms commerciaux, marques ou signes distinctifs, logos, symboles qui apparaissent sur ce portail appartiennent \u00e0 l&rsquo;entreprise ou ont le droit de les utiliser avec une autorisation pr\u00e9alable et sont prot\u00e9g\u00e9s par la l\u00e9gislation en vigueur en la mati\u00e8re. La visualisation, l&rsquo;impression et le t\u00e9l\u00e9chargement (en tout cas d&rsquo;une partie du contenu du site) ne sont autoris\u00e9s que s&rsquo;ils sont destin\u00e9s \u00e0 un usage personnel et priv\u00e9, sans but commercial.  <\/p><p><strong>Modification de ces conditions.<\/strong><\/p><p>La soci\u00e9t\u00e9 peut modifier \u00e0 tout moment les conditions d\u00e9termin\u00e9es ici, \u00e9tant d\u00fbment publi\u00e9es telles qu&rsquo;elles apparaissent ici. La validit\u00e9 des conditions susmentionn\u00e9es d\u00e9pendra de leur exposition et sera en vigueur jusqu&rsquo;\u00e0 ce qu&rsquo;elles soient modifi\u00e9es par d&rsquo;autres d\u00fbment publi\u00e9es. <\/p><p><strong>Utilisation de cookies<\/strong><\/p><p>L&rsquo;entreprise peut utiliser des cookies pour personnaliser et faciliter au maximum la navigation de l&rsquo;utilisateur sur son portail. Les cookies sont uniquement associ\u00e9s \u00e0 un utilisateur anonyme et \u00e0 son ordinateur et ne fournissent pas de r\u00e9f\u00e9rences permettant de d\u00e9duire les donn\u00e9es personnelles de l&rsquo;utilisateur. L&rsquo;utilisateur peut configurer son navigateur pour qu&rsquo;il signale et refuse l&rsquo;installation des cookies envoy\u00e9s par l&rsquo;entreprise, sans que cela n&rsquo;affecte la capacit\u00e9 de l&rsquo;utilisateur \u00e0 acc\u00e9der aux contenus.  <\/p><p><strong>Liens<\/strong><\/p><p>L&rsquo;entreprise doit autoriser express\u00e9ment l&rsquo;\u00e9tablissement de liens hypertextes (hyperliens) sur d&rsquo;autres sites Internet vers la page d&rsquo;accueil de ce portail. Dans le cas o\u00f9 le portail contiendrait des liens ou des hyperliens vers d&rsquo;autres sites Internet, l&rsquo;entreprise n&rsquo;exercera aucun type de contr\u00f4le sur ces sites et leur contenu et n&rsquo;assumera aucune responsabilit\u00e9 quant au contenu d&rsquo;un site Internet externe, pas plus qu&rsquo;elle ne garantira la disponibilit\u00e9 technique, la qualit\u00e9, la fiabilit\u00e9, l&rsquo;exactitude, l&rsquo;exhaustivit\u00e9, la v\u00e9racit\u00e9, la validit\u00e9 et la constitutionnalit\u00e9 de tout mat\u00e9riel ou information contenu dans l&rsquo;un de ces hyperliens ou dans d&rsquo;autres sites Internet. De m\u00eame, l&rsquo;inclusion de ces connexions externes n&rsquo;implique aucun type d&rsquo;association, de fusion ou de participation avec les entit\u00e9s connect\u00e9es.  <\/p><p><strong>Droit applicable et juridiction<\/strong><\/p><p>Les relations entre l&rsquo;entreprise et les utilisateurs sont r\u00e9gies par la l\u00e9gislation espagnole en vigueur et tout litige sera soumis aux cours et tribunaux de la ville de Barcelone.<\/p>\t\t\t\t\t\t\t\t<\/div>\n\t\t\t\t<\/div>\n\t\t\t\t\t<\/div>\n\t\t\t\t<\/div>\n\t\t\t\t<\/div>\n\t\t","protected":false},"excerpt":{"rendered":"<p>AVIS JURIDIQUE Le propri\u00e9taire de ce site web est l&rsquo;entreprise CUSTOM MARK S.L. dont le si\u00e8ge social est situ\u00e9 c\/ Vallespir 19, Edificio Octavia 4\u00ba 1\u00aa oficina 5 , 08173 Sant Cugat del Vall\u00e9s, Barcelona, NIF B-63352264, et qui op\u00e8re sous la marque \u00ab\u00a0Aedea\u00a0\u00bb. Elle est inscrite au registre du commerce de Barcelone, volume 36253, [&hellip;]<\/p>\n","protected":false},"author":1,"featured_media":0,"parent":0,"menu_order":0,"comment_status":"closed","ping_status":"closed","template":"","meta":{"_acf_changed":false,"footnotes":""},"class_list":["post-32518","page","type-page","status-publish","hentry"],"acf":[],"_links":{"self":[{"href":"https:\/\/www.aedea.es\/fr\/wp-json\/wp\/v2\/pages\/32518","targetHints":{"allow":["GET"]}}],"collection":[{"href":"https:\/\/www.aedea.es\/fr\/wp-json\/wp\/v2\/pages"}],"about":[{"href":"https:\/\/www.aedea.es\/fr\/wp-json\/wp\/v2\/types\/page"}],"author":[{"embeddable":true,"href":"https:\/\/www.aedea.es\/fr\/wp-json\/wp\/v2\/users\/1"}],"replies":[{"embeddable":true,"href":"https:\/\/www.aedea.es\/fr\/wp-json\/wp\/v2\/comments?post=32518"}],"version-history":[{"count":7,"href":"https:\/\/www.aedea.es\/fr\/wp-json\/wp\/v2\/pages\/32518\/revisions"}],"predecessor-version":[{"id":33945,"href":"https:\/\/www.aedea.es\/fr\/wp-json\/wp\/v2\/pages\/32518\/revisions\/33945"}],"wp:attachment":[{"href":"https:\/\/www.aedea.es\/fr\/wp-json\/wp\/v2\/media?parent=32518"}],"curies":[{"name":"wp","href":"https:\/\/api.w.org\/{rel}","templated":true}]}}